{"id":3228,"date":"2024-11-06T18:40:07","date_gmt":"2024-11-06T18:40:07","guid":{"rendered":"https:\/\/gwindor-ciscenje.com.hr\/ironing-clothes\/"},"modified":"2025-01-04T15:26:25","modified_gmt":"2025-01-04T15:26:25","slug":"ironing-clothes","status":"publish","type":"page","link":"https:\/\/gwindor.interijeri-prpic.hr\/en\/ironing-clothes\/","title":{"rendered":"Ironing clothes"},"content":{"rendered":"\t\t<div data-elementor-type=\"wp-page\" data-elementor-id=\"3228\" class=\"elementor elementor-3228 elementor-3148\">\n\t\t\t\t<div class=\"elementor-element elementor-element-d9c66b1 e-flex e-con-boxed e-con e-parent\" data-id=\"d9c66b1\" data-element_type=\"container\" data-settings=\"{&quot;background_background&quot;:&quot;classic&quot;}\">\n\t\t\t\t\t<div class=\"e-con-inner\">\n\t\t<div class=\"elementor-element elementor-element-e102d4d e-con-full e-flex e-con e-child\" data-id=\"e102d4d\" data-element_type=\"container\">\n\t\t\t\t<div class=\"elementor-element elementor-element-362af21 elementor-widget elementor-widget-heading\" data-id=\"362af21\" data-element_type=\"widget\" data-widget_type=\"heading.default\">\n\t\t\t\t<div class=\"elementor-widget-container\">\n\t\t\t\t\t<h1 class=\"elementor-heading-title elementor-size-default\">Ironing clothes<\/h1>\t\t\t\t<\/div>\n\t\t\t\t<\/div>\n\t\t\t\t<\/div>\n\t\t\t\t\t<\/div>\n\t\t\t\t<\/div>\n\t\t<div class=\"elementor-element elementor-element-da0911b e-flex e-con-boxed e-con e-parent\" data-id=\"da0911b\" data-element_type=\"container\" data-settings=\"{&quot;background_background&quot;:&quot;classic&quot;}\">\n\t\t\t\t\t<div class=\"e-con-inner\">\n\t\t<div class=\"elementor-element elementor-element-1c53e17 e-con-full e-flex e-con e-child\" data-id=\"1c53e17\" data-element_type=\"container\">\n\t\t\t\t<div class=\"elementor-element elementor-element-d147f02 elementor-widget elementor-widget-image\" data-id=\"d147f02\" data-element_type=\"widget\" data-widget_type=\"image.default\">\n\t\t\t\t<div class=\"elementor-widget-container\">\n\t\t\t\t\t\t\t\t\t\t\t\t\t\t\t<img fetchpriority=\"high\" decoding=\"async\" width=\"1024\" height=\"683\" src=\"data:image\/gif;base64,R0lGODlhAQABAIAAAAAAAP\/\/\/yH5BAEAAAAALAAAAAABAAEAAAIBRAA7\" data-src=\"https:\/\/gwindor.interijeri-prpic.hr\/wp-content\/uploads\/2024\/11\/gwindor-peglanje-odjece-2-1024x683.jpg\" class=\"attachment-large size-large wp-image-3155 lazyload\" alt=\"\" data-srcset=\"https:\/\/gwindor.interijeri-prpic.hr\/wp-content\/uploads\/2024\/11\/gwindor-peglanje-odjece-2-1024x683.jpg 1024w, https:\/\/gwindor.interijeri-prpic.hr\/wp-content\/uploads\/2024\/11\/gwindor-peglanje-odjece-2-300x200.jpg 300w, https:\/\/gwindor.interijeri-prpic.hr\/wp-content\/uploads\/2024\/11\/gwindor-peglanje-odjece-2-768x512.jpg 768w, https:\/\/gwindor.interijeri-prpic.hr\/wp-content\/uploads\/2024\/11\/gwindor-peglanje-odjece-2-1536x1024.jpg 1536w, https:\/\/gwindor.interijeri-prpic.hr\/wp-content\/uploads\/2024\/11\/gwindor-peglanje-odjece-2-2048x1365.jpg 2048w\" sizes=\"(max-width: 1024px) 100vw, 1024px\" \/><noscript><img decoding=\"async\" width=\"1024\" height=\"683\" src=\"https:\/\/gwindor.interijeri-prpic.hr\/wp-content\/uploads\/2024\/11\/gwindor-peglanje-odjece-2-1024x683.jpg\" class=\"attachment-large size-large wp-image-3155 lazyload\" alt=\"\" srcset=\"https:\/\/gwindor.interijeri-prpic.hr\/wp-content\/uploads\/2024\/11\/gwindor-peglanje-odjece-2-1024x683.jpg 1024w, https:\/\/gwindor.interijeri-prpic.hr\/wp-content\/uploads\/2024\/11\/gwindor-peglanje-odjece-2-300x200.jpg 300w, https:\/\/gwindor.interijeri-prpic.hr\/wp-content\/uploads\/2024\/11\/gwindor-peglanje-odjece-2-768x512.jpg 768w, https:\/\/gwindor.interijeri-prpic.hr\/wp-content\/uploads\/2024\/11\/gwindor-peglanje-odjece-2-1536x1024.jpg 1536w, https:\/\/gwindor.interijeri-prpic.hr\/wp-content\/uploads\/2024\/11\/gwindor-peglanje-odjece-2-2048x1365.jpg 2048w\" sizes=\"(max-width: 1024px) 100vw, 1024px\" \/><\/noscript>\t\t\t\t\t\t\t\t\t\t\t\t\t\t\t<\/div>\n\t\t\t\t<\/div>\n\t\t\t\t<\/div>\n\t\t<div class=\"elementor-element elementor-element-13796fb e-con-full e-flex e-con e-child\" data-id=\"13796fb\" data-element_type=\"container\">\n\t\t\t\t<div class=\"elementor-element elementor-element-9c740ab elementor-widget elementor-widget-heading\" data-id=\"9c740ab\" data-element_type=\"widget\" data-widget_type=\"heading.default\">\n\t\t\t\t<div class=\"elementor-widget-container\">\n\t\t\t\t\t<h6 class=\"elementor-heading-title elementor-size-default\">Private and business users<\/h6>\t\t\t\t<\/div>\n\t\t\t\t<\/div>\n\t\t\t\t<div class=\"elementor-element elementor-element-793367e elementor-widget elementor-widget-icon-box\" data-id=\"793367e\" data-element_type=\"widget\" data-widget_type=\"icon-box.default\">\n\t\t\t\t<div class=\"elementor-widget-container\">\n\t\t\t\t\t\t\t<div class=\"elementor-icon-box-wrapper\">\n\n\t\t\t\n\t\t\t\t\t\t<div class=\"elementor-icon-box-content\">\n\n\t\t\t\t\t\t\t\t\t<h2 class=\"elementor-icon-box-title\">\n\t\t\t\t\t\t<span  >\n\t\t\t\t\t\t\tPerfectly ironed clothes - with fast collection and delivery\t\t\t\t\t\t<\/span>\n\t\t\t\t\t<\/h2>\n\t\t\t\t\n\t\t\t\t\n\t\t\t<\/div>\n\t\t\t\n\t\t<\/div>\n\t\t\t\t\t\t<\/div>\n\t\t\t\t<\/div>\n\t\t\t\t<div class=\"elementor-element elementor-element-7469f92 elementor-widget elementor-widget-text-editor\" data-id=\"7469f92\" data-element_type=\"widget\" data-widget_type=\"text-editor.default\">\n\t\t\t\t<div class=\"elementor-widget-container\">\n\t\t\t\t\t\t\t\t\t<p>Gwindor understands how busy your schedule is, so we&#8217;ve designed a service to help you get your free time back.<\/p>\n<p>Our new ironing service combines professionalism and attention to each piece of clothing. <strong>Everything is done in a specially equipped workshop, with top equipment and professionals<\/strong> who care about your clothes as much as you do.<\/p>\n<p>With <span style=\"text-decoration: underline;\"><strong>collection and delivery<\/strong><\/span>, you leave ironing to us!<\/p>\n\t\t\t\t\t\t\t\t<\/div>\n\t\t\t\t<\/div>\n\t\t\t\t<div class=\"elementor-element elementor-element-afc05b4 elementor-widget__width-auto elementor-mobile-align-center elementor-tablet-align-center elementor-widget elementor-widget-button\" data-id=\"afc05b4\" data-element_type=\"widget\" data-widget_type=\"button.default\">\n\t\t\t\t<div class=\"elementor-widget-container\">\n\t\t\t\t\t\t\t\t\t<div class=\"elementor-button-wrapper\">\n\t\t\t\t\t<a class=\"elementor-button elementor-button-link elementor-size-sm\" href=\"#\">\n\t\t\t\t\t\t<span class=\"elementor-button-content-wrapper\">\n\t\t\t\t\t\t\t\t\t<span class=\"elementor-button-text\">Contact us!<\/span>\n\t\t\t\t\t<\/span>\n\t\t\t\t\t<\/a>\n\t\t\t\t<\/div>\n\t\t\t\t\t\t\t\t<\/div>\n\t\t\t\t<\/div>\n\t\t\t\t<\/div>\n\t\t\t\t\t<\/div>\n\t\t\t\t<\/div>\n\t\t<div class=\"elementor-element elementor-element-f394996 e-flex e-con-boxed e-con e-parent\" data-id=\"f394996\" data-element_type=\"container\" data-settings=\"{&quot;background_background&quot;:&quot;classic&quot;}\">\n\t\t\t\t\t<div class=\"e-con-inner\">\n\t\t<div class=\"elementor-element elementor-element-551182f e-con-full e-flex e-con e-child\" data-id=\"551182f\" data-element_type=\"container\">\n\t\t\t\t<div class=\"elementor-element elementor-element-2c7f2dc elementor-widget elementor-widget-heading\" data-id=\"2c7f2dc\" data-element_type=\"widget\" data-widget_type=\"heading.default\">\n\t\t\t\t<div class=\"elementor-widget-container\">\n\t\t\t\t\t<h6 class=\"elementor-heading-title elementor-size-default\">Your clothes deserve the best<\/h6>\t\t\t\t<\/div>\n\t\t\t\t<\/div>\n\t\t\t\t<div class=\"elementor-element elementor-element-b042aa9 elementor-widget elementor-widget-heading\" data-id=\"b042aa9\" data-element_type=\"widget\" data-widget_type=\"heading.default\">\n\t\t\t\t<div class=\"elementor-widget-container\">\n\t\t\t\t\t<h2 class=\"elementor-heading-title elementor-size-default\">Ironing service price list<\/h2>\t\t\t\t<\/div>\n\t\t\t\t<\/div>\n\t\t<div class=\"elementor-element elementor-element-ccd3ddb e-con-full e-flex e-con e-child\" data-id=\"ccd3ddb\" data-element_type=\"container\">\n\t\t<div class=\"elementor-element elementor-element-327a70d e-con-full e-flex e-con e-child\" data-id=\"327a70d\" data-element_type=\"container\">\n\t\t\t\t<div class=\"elementor-element elementor-element-ce68caa elementor-widget elementor-widget-price-list\" data-id=\"ce68caa\" data-element_type=\"widget\" data-widget_type=\"price-list.default\">\n\t\t\t\t<div class=\"elementor-widget-container\">\n\t\t\t\t\t \t\t\t\t<\/div>\n\t\t\t\t<\/div>\n\t\t\t\t<div class=\"elementor-element elementor-element-f2c5a6e elementor-widget elementor-widget-price-list\" data-id=\"f2c5a6e\" data-element_type=\"widget\" data-widget_type=\"price-list.default\">\n\t\t\t\t<div class=\"elementor-widget-container\">\n\t\t\t\t\t \t\t\t\t<\/div>\n\t\t\t\t<\/div>\n\t\t\t\t<\/div>\n\t\t<div class=\"elementor-element elementor-element-e49c06e e-con-full e-flex e-con e-child\" data-id=\"e49c06e\" data-element_type=\"container\">\n\t\t\t\t<div class=\"elementor-element elementor-element-298ca39 elementor-widget elementor-widget-price-list\" data-id=\"298ca39\" data-element_type=\"widget\" data-widget_type=\"price-list.default\">\n\t\t\t\t<div class=\"elementor-widget-container\">\n\t\t\t\t\t \t\t\t\t<\/div>\n\t\t\t\t<\/div>\n\t\t\t\t<div class=\"elementor-element elementor-element-ae1a3d2 elementor-widget elementor-widget-price-list\" data-id=\"ae1a3d2\" data-element_type=\"widget\" data-widget_type=\"price-list.default\">\n\t\t\t\t<div class=\"elementor-widget-container\">\n\t\t\t\t\t \t\t\t\t<\/div>\n\t\t\t\t<\/div>\n\t\t\t\t<div class=\"elementor-element elementor-element-801f04d elementor-widget elementor-widget-price-list\" data-id=\"801f04d\" data-element_type=\"widget\" data-widget_type=\"price-list.default\">\n\t\t\t\t<div class=\"elementor-widget-container\">\n\t\t\t\t\t \t\t\t\t<\/div>\n\t\t\t\t<\/div>\n\t\t\t\t<div class=\"elementor-element elementor-element-cad4d04 elementor-widget elementor-widget-price-list\" data-id=\"cad4d04\" data-element_type=\"widget\" data-widget_type=\"price-list.default\">\n\t\t\t\t<div class=\"elementor-widget-container\">\n\t\t\t\t\t \t\t\t\t<\/div>\n\t\t\t\t<\/div>\n\t\t\t\t<\/div>\n\t\t\t\t<\/div>\n\t\t<div class=\"elementor-element elementor-element-fb64355 e-con-full e-flex e-con e-child\" data-id=\"fb64355\" data-element_type=\"container\">\n\t\t\t\t<div class=\"elementor-element elementor-element-ded7ac8 elementor-widget-divider--view-line_text elementor-widget-divider--element-align-center elementor-widget elementor-widget-divider\" data-id=\"ded7ac8\" data-element_type=\"widget\" data-widget_type=\"divider.default\">\n\t\t\t\t<div class=\"elementor-widget-container\">\n\t\t\t\t\t\t\t<div class=\"elementor-divider\">\n\t\t\t<span class=\"elementor-divider-separator\">\n\t\t\t\t\t\t\t<span class=\"elementor-divider__text elementor-divider__element\">\n\t\t\t\tNote\t\t\t\t<\/span>\n\t\t\t\t\t\t<\/span>\n\t\t<\/div>\n\t\t\t\t\t\t<\/div>\n\t\t\t\t<\/div>\n\t\t\t\t<div class=\"elementor-element elementor-element-c7206e2 elementor-widget elementor-widget-text-editor\" data-id=\"c7206e2\" data-element_type=\"widget\" data-widget_type=\"text-editor.default\">\n\t\t\t\t<div class=\"elementor-widget-container\">\n\t\t\t\t\t\t\t\t\t<p>Prices are per piece. We collect goods for a minimum of 30 pieces of goods and return them within 24 hours. Collection and return of goods is \u20ac7.  <\/p>\n\t\t\t\t\t\t\t\t<\/div>\n\t\t\t\t<\/div>\n\t\t\t\t<\/div>\n\t\t\t\t<\/div>\n\t\t\t\t\t<\/div>\n\t\t\t\t<\/div>\n\t\t<div class=\"elementor-element elementor-element-9df5aca e-flex e-con-boxed e-con e-parent\" data-id=\"9df5aca\" data-element_type=\"container\" data-settings=\"{&quot;background_background&quot;:&quot;classic&quot;}\">\n\t\t\t\t\t<div class=\"e-con-inner\">\n\t\t<div class=\"elementor-element elementor-element-d0e1bb3 e-con-full e-flex e-con e-child\" data-id=\"d0e1bb3\" data-element_type=\"container\">\n\t\t\t\t<div class=\"elementor-element elementor-element-1173817 elementor-widget elementor-widget-heading\" data-id=\"1173817\" data-element_type=\"widget\" data-widget_type=\"heading.default\">\n\t\t\t\t<div class=\"elementor-widget-container\">\n\t\t\t\t\t<h6 class=\"elementor-heading-title elementor-size-default\">Contact us<\/h6>\t\t\t\t<\/div>\n\t\t\t\t<\/div>\n\t\t\t\t<div class=\"elementor-element elementor-element-69980d5 elementor-widget elementor-widget-heading\" data-id=\"69980d5\" data-element_type=\"widget\" data-widget_type=\"heading.default\">\n\t\t\t\t<div class=\"elementor-widget-container\">\n\t\t\t\t\t<h2 class=\"elementor-heading-title elementor-size-default\">You are one step away from perfectly straight clothes!<\/h2>\t\t\t\t<\/div>\n\t\t\t\t<\/div>\n\t\t\t\t<div class=\"elementor-element elementor-element-9afafcf elementor-widget elementor-widget-text-editor\" data-id=\"9afafcf\" data-element_type=\"widget\" data-widget_type=\"text-editor.default\">\n\t\t\t\t<div class=\"elementor-widget-container\">\n\t\t\t\t\t\t\t\t\t<p>Save your valuable time &#8211; entrust us with ironing your clothes! Contact us and see for yourself the quality with Gwindor! <\/p>\n\t\t\t\t\t\t\t\t<\/div>\n\t\t\t\t<\/div>\n\t\t\t\t<div class=\"elementor-element elementor-element-bac9e56 elementor-widget__width-auto elementor-widget elementor-widget-button\" data-id=\"bac9e56\" data-element_type=\"widget\" data-widget_type=\"button.default\">\n\t\t\t\t<div class=\"elementor-widget-container\">\n\t\t\t\t\t\t\t\t\t<div class=\"elementor-button-wrapper\">\n\t\t\t\t\t<a class=\"elementor-button elementor-size-sm\" role=\"button\">\n\t\t\t\t\t\t<span class=\"elementor-button-content-wrapper\">\n\t\t\t\t\t\t\t\t\t<span class=\"elementor-button-text\">Get in touch with us!<\/span>\n\t\t\t\t\t<\/span>\n\t\t\t\t\t<\/a>\n\t\t\t\t<\/div>\n\t\t\t\t\t\t\t\t<\/div>\n\t\t\t\t<\/div>\n\t\t\t\t<\/div>\n\t\t\t\t\t<\/div>\n\t\t\t\t<\/div>\n\t\t\t\t<\/div>\n\t\t","protected":false},"excerpt":{"rendered":"<p>Ironing clothes Private and business users Perfectly ironed clothes &#8211; with fast collection and delivery Gwindor understands how busy your schedule is, so we&#8217;ve designed a service to help you get your free time back. Our new ironing service combines professionalism and attention to each piece of clothing. Everything is done in a specially equipped [&hellip;]<\/p>\n","protected":false},"author":1,"featured_media":0,"parent":0,"menu_order":0,"comment_status":"closed","ping_status":"closed","template":"","meta":{"site-sidebar-layout":"no-sidebar","site-content-layout":"page-builder","ast-site-content-layout":"full-width-container","site-content-style":"unboxed","site-sidebar-style":"unboxed","ast-global-header-display":"","ast-banner-title-visibility":"","ast-main-header-display":"","ast-hfb-above-header-display":"","ast-hfb-below-header-display":"","ast-hfb-mobile-header-display":"","site-post-title":"disabled","ast-breadcrumbs-content":"disabled","ast-featured-img":"disabled","footer-sml-layout":"","theme-transparent-header-meta":"enabled","adv-header-id-meta":"","stick-header-meta":"","header-above-stick-meta":"","header-main-stick-meta":"","header-below-stick-meta":"","astra-migrate-meta-layouts":"default","ast-page-background-enabled":"default","ast-page-background-meta":{"desktop":{"background-color":"","background-image":"","background-repeat":"repeat","background-position":"center center","background-size":"auto","background-attachment":"scroll","background-type":"","background-media":"","overlay-type":"","overlay-color":"","overlay-opacity":"","overlay-gradient":""},"tablet":{"background-color":"","background-image":"","background-repeat":"repeat","background-position":"center center","background-size":"auto","background-attachment":"scroll","background-type":"","background-media":"","overlay-type":"","overlay-color":"","overlay-opacity":"","overlay-gradient":""},"mobile":{"background-color":"","background-image":"","background-repeat":"repeat","background-position":"center center","background-size":"auto","background-attachment":"scroll","background-type":"","background-media":"","overlay-type":"","overlay-color":"","overlay-opacity":"","overlay-gradient":""}},"ast-content-background-meta":{"desktop":{"background-color":"var(--ast-global-color-5)","background-image":"","background-repeat":"repeat","background-position":"center center","background-size":"auto","background-attachment":"scroll","background-type":"","background-media":"","overlay-type":"","overlay-color":"","overlay-opacity":"","overlay-gradient":""},"tablet":{"background-color":"var(--ast-global-color-5)","background-image":"","background-repeat":"repeat","background-position":"center center","background-size":"auto","background-attachment":"scroll","background-type":"","background-media":"","overlay-type":"","overlay-color":"","overlay-opacity":"","overlay-gradient":""},"mobile":{"background-color":"var(--ast-global-color-5)","background-image":"","background-repeat":"repeat","background-position":"center center","background-size":"auto","background-attachment":"scroll","background-type":"","background-media":"","overlay-type":"","overlay-color":"","overlay-opacity":"","overlay-gradient":""}},"footnotes":""},"class_list":["post-3228","page","type-page","status-publish","hentry"],"yoast_head":"<!-- This site is optimized with the Yoast SEO plugin v24.4 - https:\/\/yoast.com\/wordpress\/plugins\/seo\/ -->\n<title>Gwindor Cleaning - Ironing clothes!<\/title>\n<meta name=\"description\" content=\"Perfectly ironed clothes - with fast collection and delivery. Your clothes deserve the best - contact us!\" \/>\n<meta name=\"robots\" content=\"index, follow, max-snippet:-1, max-image-preview:large, max-video-preview:-1\" \/>\n<link rel=\"canonical\" href=\"https:\/\/gwindor.interijeri-prpic.hr\/en\/ironing-clothes\/\" \/>\n<meta property=\"og:locale\" content=\"en_US\" \/>\n<meta property=\"og:type\" content=\"article\" \/>\n<meta property=\"og:title\" content=\"Gwindor Cleaning - Ironing clothes!\" \/>\n<meta property=\"og:description\" content=\"Perfectly ironed clothes - with fast collection and delivery. Your clothes deserve the best - contact us!\" \/>\n<meta property=\"og:url\" content=\"https:\/\/gwindor.interijeri-prpic.hr\/en\/ironing-clothes\/\" \/>\n<meta property=\"og:site_name\" content=\"Gwindor \u010di\u0161\u0107enje\" \/>\n<meta property=\"article:publisher\" content=\"https:\/\/www.facebook.com\/gwindorusluge\/\" \/>\n<meta property=\"article:modified_time\" content=\"2025-01-04T15:26:25+00:00\" \/>\n<meta property=\"og:image\" content=\"https:\/\/gwindor-ciscenje.com.hr\/wp-content\/uploads\/2024\/11\/gwindor-peglanje-odjece-2-1024x683.jpg\" \/>\n<meta name=\"twitter:card\" content=\"summary_large_image\" \/>\n<meta name=\"twitter:label1\" content=\"Est. reading time\" \/>\n\t<meta name=\"twitter:data1\" content=\"1 minute\" \/>\n<script type=\"application\/ld+json\" class=\"yoast-schema-graph\">{\"@context\":\"https:\/\/schema.org\",\"@graph\":[{\"@type\":\"WebPage\",\"@id\":\"https:\/\/gwindor.interijeri-prpic.hr\/en\/ironing-clothes\/\",\"url\":\"https:\/\/gwindor.interijeri-prpic.hr\/en\/ironing-clothes\/\",\"name\":\"Gwindor Cleaning - Ironing clothes!\",\"isPartOf\":{\"@id\":\"https:\/\/gwindor.interijeri-prpic.hr\/en\/#website\"},\"primaryImageOfPage\":{\"@id\":\"https:\/\/gwindor.interijeri-prpic.hr\/en\/ironing-clothes\/#primaryimage\"},\"image\":{\"@id\":\"https:\/\/gwindor.interijeri-prpic.hr\/en\/ironing-clothes\/#primaryimage\"},\"thumbnailUrl\":\"https:\/\/gwindor-ciscenje.com.hr\/wp-content\/uploads\/2024\/11\/gwindor-peglanje-odjece-2-1024x683.jpg\",\"datePublished\":\"2024-11-06T18:40:07+00:00\",\"dateModified\":\"2025-01-04T15:26:25+00:00\",\"description\":\"Perfectly ironed clothes - with fast collection and delivery. Your clothes deserve the best - contact us!\",\"breadcrumb\":{\"@id\":\"https:\/\/gwindor.interijeri-prpic.hr\/en\/ironing-clothes\/#breadcrumb\"},\"inLanguage\":\"en-US\",\"potentialAction\":[{\"@type\":\"ReadAction\",\"target\":[\"https:\/\/gwindor.interijeri-prpic.hr\/en\/ironing-clothes\/\"]}]},{\"@type\":\"ImageObject\",\"inLanguage\":\"en-US\",\"@id\":\"https:\/\/gwindor.interijeri-prpic.hr\/en\/ironing-clothes\/#primaryimage\",\"url\":\"https:\/\/gwindor-ciscenje.com.hr\/wp-content\/uploads\/2024\/11\/gwindor-peglanje-odjece-2-1024x683.jpg\",\"contentUrl\":\"https:\/\/gwindor-ciscenje.com.hr\/wp-content\/uploads\/2024\/11\/gwindor-peglanje-odjece-2-1024x683.jpg\"},{\"@type\":\"BreadcrumbList\",\"@id\":\"https:\/\/gwindor.interijeri-prpic.hr\/en\/ironing-clothes\/#breadcrumb\",\"itemListElement\":[{\"@type\":\"ListItem\",\"position\":1,\"name\":\"Po\u010detna stranica\",\"item\":\"https:\/\/gwindor.interijeri-prpic.hr\/en\/\"},{\"@type\":\"ListItem\",\"position\":2,\"name\":\"Ironing clothes\"}]},{\"@type\":\"WebSite\",\"@id\":\"https:\/\/gwindor.interijeri-prpic.hr\/en\/#website\",\"url\":\"https:\/\/gwindor.interijeri-prpic.hr\/en\/\",\"name\":\"Gwindor \u010di\u0161\u0107enje\",\"description\":\"\",\"publisher\":{\"@id\":\"https:\/\/gwindor.interijeri-prpic.hr\/en\/#organization\"},\"potentialAction\":[{\"@type\":\"SearchAction\",\"target\":{\"@type\":\"EntryPoint\",\"urlTemplate\":\"https:\/\/gwindor.interijeri-prpic.hr\/en\/?s={search_term_string}\"},\"query-input\":{\"@type\":\"PropertyValueSpecification\",\"valueRequired\":true,\"valueName\":\"search_term_string\"}}],\"inLanguage\":\"en-US\"},{\"@type\":\"Organization\",\"@id\":\"https:\/\/gwindor.interijeri-prpic.hr\/en\/#organization\",\"name\":\"Gwindor \u010di\u0161\u0107enje\",\"url\":\"https:\/\/gwindor.interijeri-prpic.hr\/en\/\",\"logo\":{\"@type\":\"ImageObject\",\"inLanguage\":\"en-US\",\"@id\":\"https:\/\/gwindor.interijeri-prpic.hr\/en\/#\/schema\/logo\/image\/\",\"url\":\"https:\/\/gwindor.interijeri-prpic.hr\/wp-content\/uploads\/2024\/05\/gwindor-ciscenje-gold-logo.png\",\"contentUrl\":\"https:\/\/gwindor.interijeri-prpic.hr\/wp-content\/uploads\/2024\/05\/gwindor-ciscenje-gold-logo.png\",\"width\":323,\"height\":290,\"caption\":\"Gwindor \u010di\u0161\u0107enje\"},\"image\":{\"@id\":\"https:\/\/gwindor.interijeri-prpic.hr\/en\/#\/schema\/logo\/image\/\"},\"sameAs\":[\"https:\/\/www.facebook.com\/gwindorusluge\/\",\"https:\/\/www.instagram.com\/gwindor.usluge\/\"]}]}<\/script>\n<!-- \/ Yoast SEO plugin. -->","yoast_head_json":{"title":"Gwindor Cleaning - Ironing clothes!","description":"Perfectly ironed clothes - with fast collection and delivery. Your clothes deserve the best - contact us!","robots":{"index":"index","follow":"follow","max-snippet":"max-snippet:-1","max-image-preview":"max-image-preview:large","max-video-preview":"max-video-preview:-1"},"canonical":"https:\/\/gwindor.interijeri-prpic.hr\/en\/ironing-clothes\/","og_locale":"en_US","og_type":"article","og_title":"Gwindor Cleaning - Ironing clothes!","og_description":"Perfectly ironed clothes - with fast collection and delivery. Your clothes deserve the best - contact us!","og_url":"https:\/\/gwindor.interijeri-prpic.hr\/en\/ironing-clothes\/","og_site_name":"Gwindor \u010di\u0161\u0107enje","article_publisher":"https:\/\/www.facebook.com\/gwindorusluge\/","article_modified_time":"2025-01-04T15:26:25+00:00","og_image":[{"url":"https:\/\/gwindor-ciscenje.com.hr\/wp-content\/uploads\/2024\/11\/gwindor-peglanje-odjece-2-1024x683.jpg","type":"","width":"","height":""}],"twitter_card":"summary_large_image","twitter_misc":{"Est. reading time":"1 minute"},"schema":{"@context":"https:\/\/schema.org","@graph":[{"@type":"WebPage","@id":"https:\/\/gwindor.interijeri-prpic.hr\/en\/ironing-clothes\/","url":"https:\/\/gwindor.interijeri-prpic.hr\/en\/ironing-clothes\/","name":"Gwindor Cleaning - Ironing clothes!","isPartOf":{"@id":"https:\/\/gwindor.interijeri-prpic.hr\/en\/#website"},"primaryImageOfPage":{"@id":"https:\/\/gwindor.interijeri-prpic.hr\/en\/ironing-clothes\/#primaryimage"},"image":{"@id":"https:\/\/gwindor.interijeri-prpic.hr\/en\/ironing-clothes\/#primaryimage"},"thumbnailUrl":"https:\/\/gwindor-ciscenje.com.hr\/wp-content\/uploads\/2024\/11\/gwindor-peglanje-odjece-2-1024x683.jpg","datePublished":"2024-11-06T18:40:07+00:00","dateModified":"2025-01-04T15:26:25+00:00","description":"Perfectly ironed clothes - with fast collection and delivery. Your clothes deserve the best - contact us!","breadcrumb":{"@id":"https:\/\/gwindor.interijeri-prpic.hr\/en\/ironing-clothes\/#breadcrumb"},"inLanguage":"en-US","potentialAction":[{"@type":"ReadAction","target":["https:\/\/gwindor.interijeri-prpic.hr\/en\/ironing-clothes\/"]}]},{"@type":"ImageObject","inLanguage":"en-US","@id":"https:\/\/gwindor.interijeri-prpic.hr\/en\/ironing-clothes\/#primaryimage","url":"https:\/\/gwindor-ciscenje.com.hr\/wp-content\/uploads\/2024\/11\/gwindor-peglanje-odjece-2-1024x683.jpg","contentUrl":"https:\/\/gwindor-ciscenje.com.hr\/wp-content\/uploads\/2024\/11\/gwindor-peglanje-odjece-2-1024x683.jpg"},{"@type":"BreadcrumbList","@id":"https:\/\/gwindor.interijeri-prpic.hr\/en\/ironing-clothes\/#breadcrumb","itemListElement":[{"@type":"ListItem","position":1,"name":"Po\u010detna stranica","item":"https:\/\/gwindor.interijeri-prpic.hr\/en\/"},{"@type":"ListItem","position":2,"name":"Ironing clothes"}]},{"@type":"WebSite","@id":"https:\/\/gwindor.interijeri-prpic.hr\/en\/#website","url":"https:\/\/gwindor.interijeri-prpic.hr\/en\/","name":"Gwindor \u010di\u0161\u0107enje","description":"","publisher":{"@id":"https:\/\/gwindor.interijeri-prpic.hr\/en\/#organization"},"potentialAction":[{"@type":"SearchAction","target":{"@type":"EntryPoint","urlTemplate":"https:\/\/gwindor.interijeri-prpic.hr\/en\/?s={search_term_string}"},"query-input":{"@type":"PropertyValueSpecification","valueRequired":true,"valueName":"search_term_string"}}],"inLanguage":"en-US"},{"@type":"Organization","@id":"https:\/\/gwindor.interijeri-prpic.hr\/en\/#organization","name":"Gwindor \u010di\u0161\u0107enje","url":"https:\/\/gwindor.interijeri-prpic.hr\/en\/","logo":{"@type":"ImageObject","inLanguage":"en-US","@id":"https:\/\/gwindor.interijeri-prpic.hr\/en\/#\/schema\/logo\/image\/","url":"https:\/\/gwindor.interijeri-prpic.hr\/wp-content\/uploads\/2024\/05\/gwindor-ciscenje-gold-logo.png","contentUrl":"https:\/\/gwindor.interijeri-prpic.hr\/wp-content\/uploads\/2024\/05\/gwindor-ciscenje-gold-logo.png","width":323,"height":290,"caption":"Gwindor \u010di\u0161\u0107enje"},"image":{"@id":"https:\/\/gwindor.interijeri-prpic.hr\/en\/#\/schema\/logo\/image\/"},"sameAs":["https:\/\/www.facebook.com\/gwindorusluge\/","https:\/\/www.instagram.com\/gwindor.usluge\/"]}]}},"_links":{"self":[{"href":"https:\/\/gwindor.interijeri-prpic.hr\/en\/wp-json\/wp\/v2\/pages\/3228","targetHints":{"allow":["GET"]}}],"collection":[{"href":"https:\/\/gwindor.interijeri-prpic.hr\/en\/wp-json\/wp\/v2\/pages"}],"about":[{"href":"https:\/\/gwindor.interijeri-prpic.hr\/en\/wp-json\/wp\/v2\/types\/page"}],"author":[{"embeddable":true,"href":"https:\/\/gwindor.interijeri-prpic.hr\/en\/wp-json\/wp\/v2\/users\/1"}],"replies":[{"embeddable":true,"href":"https:\/\/gwindor.interijeri-prpic.hr\/en\/wp-json\/wp\/v2\/comments?post=3228"}],"version-history":[{"count":0,"href":"https:\/\/gwindor.interijeri-prpic.hr\/en\/wp-json\/wp\/v2\/pages\/3228\/revisions"}],"wp:attachment":[{"href":"https:\/\/gwindor.interijeri-prpic.hr\/en\/wp-json\/wp\/v2\/media?parent=3228"}],"curies":[{"name":"wp","href":"https:\/\/api.w.org\/{rel}","templated":true}]}}