{"id":2901,"date":"2024-06-03T13:16:30","date_gmt":"2024-06-03T13:16:30","guid":{"rendered":"https:\/\/gwindor-ciscenje.com.hr\/chemical-cleaning-of-furniture\/"},"modified":"2024-08-06T05:54:59","modified_gmt":"2024-08-06T05:54:59","slug":"chemical-cleaning-of-furniture","status":"publish","type":"page","link":"https:\/\/gwindor.interijeri-prpic.hr\/en\/chemical-cleaning-of-furniture\/","title":{"rendered":"Chemical cleaning of furniture"},"content":{"rendered":"\t\t<div data-elementor-type=\"wp-page\" data-elementor-id=\"2901\" class=\"elementor elementor-2901 elementor-2535\">\n\t\t\t\t<div class=\"elementor-element elementor-element-d9c66b1 e-flex e-con-boxed e-con e-parent\" data-id=\"d9c66b1\" data-element_type=\"container\" data-settings=\"{&quot;background_background&quot;:&quot;classic&quot;}\">\n\t\t\t\t\t<div class=\"e-con-inner\">\n\t\t<div class=\"elementor-element elementor-element-e102d4d e-con-full e-flex e-con e-child\" data-id=\"e102d4d\" data-element_type=\"container\">\n\t\t\t\t<div class=\"elementor-element elementor-element-362af21 elementor-widget elementor-widget-heading\" data-id=\"362af21\" data-element_type=\"widget\" data-widget_type=\"heading.default\">\n\t\t\t\t<div class=\"elementor-widget-container\">\n\t\t\t\t\t<h1 class=\"elementor-heading-title elementor-size-default\">Chemical cleaning of upholstered furniture<\/h1>\t\t\t\t<\/div>\n\t\t\t\t<\/div>\n\t\t\t\t<\/div>\n\t\t\t\t\t<\/div>\n\t\t\t\t<\/div>\n\t\t<div class=\"elementor-element elementor-element-02ea574 e-flex e-con-boxed e-con e-parent\" data-id=\"02ea574\" data-element_type=\"container\" data-settings=\"{&quot;background_background&quot;:&quot;classic&quot;}\">\n\t\t\t\t\t<div class=\"e-con-inner\">\n\t\t<div class=\"elementor-element elementor-element-5d3517c e-con-full e-flex e-con e-child\" data-id=\"5d3517c\" data-element_type=\"container\">\n\t\t\t\t<div class=\"elementor-element elementor-element-e92ff18 elementor-widget elementor-widget-image\" data-id=\"e92ff18\" data-element_type=\"widget\" data-widget_type=\"image.default\">\n\t\t\t\t<div class=\"elementor-widget-container\">\n\t\t\t\t\t\t\t\t\t\t\t\t\t\t\t<img fetchpriority=\"high\" decoding=\"async\" width=\"1024\" height=\"683\" src=\"data:image\/gif;base64,R0lGODlhAQABAIAAAAAAAP\/\/\/yH5BAEAAAAALAAAAAABAAEAAAIBRAA7\" data-src=\"https:\/\/gwindor.interijeri-prpic.hr\/wp-content\/uploads\/2024\/06\/gwindor-ciscenje-namjestaja-2-hero-1024x683.jpg\" class=\"attachment-large size-large wp-image-2568 lazyload\" alt=\"\" data-srcset=\"https:\/\/gwindor.interijeri-prpic.hr\/wp-content\/uploads\/2024\/06\/gwindor-ciscenje-namjestaja-2-hero-1024x683.jpg 1024w, https:\/\/gwindor.interijeri-prpic.hr\/wp-content\/uploads\/2024\/06\/gwindor-ciscenje-namjestaja-2-hero-300x200.jpg 300w, https:\/\/gwindor.interijeri-prpic.hr\/wp-content\/uploads\/2024\/06\/gwindor-ciscenje-namjestaja-2-hero-768x512.jpg 768w, https:\/\/gwindor.interijeri-prpic.hr\/wp-content\/uploads\/2024\/06\/gwindor-ciscenje-namjestaja-2-hero-1536x1024.jpg 1536w, https:\/\/gwindor.interijeri-prpic.hr\/wp-content\/uploads\/2024\/06\/gwindor-ciscenje-namjestaja-2-hero-2048x1365.jpg 2048w\" sizes=\"(max-width: 1024px) 100vw, 1024px\" \/><noscript><img decoding=\"async\" width=\"1024\" height=\"683\" src=\"https:\/\/gwindor.interijeri-prpic.hr\/wp-content\/uploads\/2024\/06\/gwindor-ciscenje-namjestaja-2-hero-1024x683.jpg\" class=\"attachment-large size-large wp-image-2568 lazyload\" alt=\"\" srcset=\"https:\/\/gwindor.interijeri-prpic.hr\/wp-content\/uploads\/2024\/06\/gwindor-ciscenje-namjestaja-2-hero-1024x683.jpg 1024w, https:\/\/gwindor.interijeri-prpic.hr\/wp-content\/uploads\/2024\/06\/gwindor-ciscenje-namjestaja-2-hero-300x200.jpg 300w, https:\/\/gwindor.interijeri-prpic.hr\/wp-content\/uploads\/2024\/06\/gwindor-ciscenje-namjestaja-2-hero-768x512.jpg 768w, https:\/\/gwindor.interijeri-prpic.hr\/wp-content\/uploads\/2024\/06\/gwindor-ciscenje-namjestaja-2-hero-1536x1024.jpg 1536w, https:\/\/gwindor.interijeri-prpic.hr\/wp-content\/uploads\/2024\/06\/gwindor-ciscenje-namjestaja-2-hero-2048x1365.jpg 2048w\" sizes=\"(max-width: 1024px) 100vw, 1024px\" \/><\/noscript>\t\t\t\t\t\t\t\t\t\t\t\t\t\t\t<\/div>\n\t\t\t\t<\/div>\n\t\t\t\t<\/div>\n\t\t<div class=\"elementor-element elementor-element-14349b9 e-con-full e-flex e-con e-child\" data-id=\"14349b9\" data-element_type=\"container\">\n\t\t\t\t<div class=\"elementor-element elementor-element-6811396 elementor-widget elementor-widget-heading\" data-id=\"6811396\" data-element_type=\"widget\" data-widget_type=\"heading.default\">\n\t\t\t\t<div class=\"elementor-widget-container\">\n\t\t\t\t\t<h6 class=\"elementor-heading-title elementor-size-default\">Private and business users<\/h6>\t\t\t\t<\/div>\n\t\t\t\t<\/div>\n\t\t\t\t<div class=\"elementor-element elementor-element-3746abb elementor-widget elementor-widget-icon-box\" data-id=\"3746abb\" data-element_type=\"widget\" data-widget_type=\"icon-box.default\">\n\t\t\t\t<div class=\"elementor-widget-container\">\n\t\t\t\t\t\t\t<div class=\"elementor-icon-box-wrapper\">\n\n\t\t\t\n\t\t\t\t\t\t<div class=\"elementor-icon-box-content\">\n\n\t\t\t\t\t\t\t\t\t<h2 class=\"elementor-icon-box-title\">\n\t\t\t\t\t\t<span  >\n\t\t\t\t\t\t\tRemove impurities and allergens - deeply and thoroughly!\t\t\t\t\t\t<\/span>\n\t\t\t\t\t<\/h2>\n\t\t\t\t\n\t\t\t\t\n\t\t\t<\/div>\n\t\t\t\n\t\t<\/div>\n\t\t\t\t\t\t<\/div>\n\t\t\t\t<\/div>\n\t\t\t\t<div class=\"elementor-element elementor-element-0932205 elementor-widget elementor-widget-text-editor\" data-id=\"0932205\" data-element_type=\"widget\" data-widget_type=\"text-editor.default\">\n\t\t\t\t<div class=\"elementor-widget-container\">\n\t\t\t\t\t\t\t\t\t<p>Your home deserves a perfect aesthetic impression, without impurities that impair the quality of the furniture. <strong><span style=\"text-decoration: underline;\">Chemical cleaning is the ideal solution for deep dirt removal<\/span>,<\/strong> restoring your upholstered furniture to its original condition.<\/p>\n<p>With dry cleaning, we not only <strong>restore freshness, but revive materials and colors<\/strong>, giving your furniture a completely new look. In addition to cleaning it, <strong>we also remove allergens and mites<\/strong>, thereby disinfecting the space where you live and sleep.<\/p>\n\t\t\t\t\t\t\t\t<\/div>\n\t\t\t\t<\/div>\n\t\t\t\t<div class=\"elementor-element elementor-element-4b6a541 elementor-widget__width-auto elementor-mobile-align-center elementor-tablet-align-center elementor-widget elementor-widget-button\" data-id=\"4b6a541\" data-element_type=\"widget\" data-widget_type=\"button.default\">\n\t\t\t\t<div class=\"elementor-widget-container\">\n\t\t\t\t\t\t\t\t\t<div class=\"elementor-button-wrapper\">\n\t\t\t\t\t<a class=\"elementor-button elementor-button-link elementor-size-sm\" href=\"#\">\n\t\t\t\t\t\t<span class=\"elementor-button-content-wrapper\">\n\t\t\t\t\t\t\t\t\t<span class=\"elementor-button-text\">Contact us!<\/span>\n\t\t\t\t\t<\/span>\n\t\t\t\t\t<\/a>\n\t\t\t\t<\/div>\n\t\t\t\t\t\t\t\t<\/div>\n\t\t\t\t<\/div>\n\t\t\t\t<\/div>\n\t\t\t\t\t<\/div>\n\t\t\t\t<\/div>\n\t\t<div class=\"elementor-element elementor-element-f394996 e-flex e-con-boxed e-con e-parent\" data-id=\"f394996\" data-element_type=\"container\" data-settings=\"{&quot;background_background&quot;:&quot;classic&quot;}\">\n\t\t\t\t\t<div class=\"e-con-inner\">\n\t\t<div class=\"elementor-element elementor-element-551182f e-con-full e-flex e-con e-child\" data-id=\"551182f\" data-element_type=\"container\">\n\t\t\t\t<div class=\"elementor-element elementor-element-2c7f2dc elementor-widget elementor-widget-heading\" data-id=\"2c7f2dc\" data-element_type=\"widget\" data-widget_type=\"heading.default\">\n\t\t\t\t<div class=\"elementor-widget-container\">\n\t\t\t\t\t<h6 class=\"elementor-heading-title elementor-size-default\">Chemical cleaning process<\/h6>\t\t\t\t<\/div>\n\t\t\t\t<\/div>\n\t\t\t\t<div class=\"elementor-element elementor-element-b042aa9 elementor-widget elementor-widget-heading\" data-id=\"b042aa9\" data-element_type=\"widget\" data-widget_type=\"heading.default\">\n\t\t\t\t<div class=\"elementor-widget-container\">\n\t\t\t\t\t<h2 class=\"elementor-heading-title elementor-size-default\">Professional tools and devices for the best results<\/h2>\t\t\t\t<\/div>\n\t\t\t\t<\/div>\n\t\t\t\t<div class=\"elementor-element elementor-element-c00e77a elementor-widget elementor-widget-text-editor\" data-id=\"c00e77a\" data-element_type=\"widget\" data-widget_type=\"text-editor.default\">\n\t\t\t\t<div class=\"elementor-widget-container\">\n\t\t\t\t\t\t\t\t\t<p>We only use top quality dry cleaning products and KARCHER devices that are proven to be the best on the market. Our thorough cleaning process removes deep impurities from upholstered furniture, carpets, rugs and curtains, giving your space a new freshness.<\/p>\n<p>If you have pets, all traces of hair, paws and mud will disappear in an instant! Dry cleaning is the most powerful solution to combat stubborn stains, giving your furniture a new chance to shine.<\/p>\n\t\t\t\t\t\t\t\t<\/div>\n\t\t\t\t<\/div>\n\t\t\t\t<\/div>\n\t\t<div class=\"elementor-element elementor-element-203f7dd e-con-full e-flex e-con e-child\" data-id=\"203f7dd\" data-element_type=\"container\">\n\t\t\t\t<div class=\"elementor-element elementor-element-d0710d7 elementor-widget elementor-widget-media-carousel\" data-id=\"d0710d7\" data-element_type=\"widget\" data-widget_type=\"media-carousel.default\">\n\t\t\t\t<div class=\"elementor-widget-container\">\n\t\t\t\t\t \t\t\t\t<\/div>\n\t\t\t\t<\/div>\n\t\t\t\t<\/div>\n\t\t\t\t\t<\/div>\n\t\t\t\t<\/div>\n\t\t<div class=\"elementor-element elementor-element-9df5aca e-flex e-con-boxed e-con e-parent\" data-id=\"9df5aca\" data-element_type=\"container\" data-settings=\"{&quot;background_background&quot;:&quot;classic&quot;}\">\n\t\t\t\t\t<div class=\"e-con-inner\">\n\t\t<div class=\"elementor-element elementor-element-d0e1bb3 e-con-full e-flex e-con e-child\" data-id=\"d0e1bb3\" data-element_type=\"container\">\n\t\t\t\t<div class=\"elementor-element elementor-element-1173817 elementor-widget elementor-widget-heading\" data-id=\"1173817\" data-element_type=\"widget\" data-widget_type=\"heading.default\">\n\t\t\t\t<div class=\"elementor-widget-container\">\n\t\t\t\t\t<h6 class=\"elementor-heading-title elementor-size-default\">Contact us<\/h6>\t\t\t\t<\/div>\n\t\t\t\t<\/div>\n\t\t\t\t<div class=\"elementor-element elementor-element-69980d5 elementor-widget elementor-widget-heading\" data-id=\"69980d5\" data-element_type=\"widget\" data-widget_type=\"heading.default\">\n\t\t\t\t<div class=\"elementor-widget-container\">\n\t\t\t\t\t<h2 class=\"elementor-heading-title elementor-size-default\">You are one step away from a perfectly clean space!<\/h2>\t\t\t\t<\/div>\n\t\t\t\t<\/div>\n\t\t\t\t<div class=\"elementor-element elementor-element-9afafcf elementor-widget elementor-widget-text-editor\" data-id=\"9afafcf\" data-element_type=\"widget\" data-widget_type=\"text-editor.default\">\n\t\t\t\t<div class=\"elementor-widget-container\">\n\t\t\t\t\t\t\t\t\t<p><strong>Let us take care of the cleanliness of your space<\/strong> &#8211; we are sure that our team will exceed all your expectations!<\/p>\n\t\t\t\t\t\t\t\t<\/div>\n\t\t\t\t<\/div>\n\t\t\t\t<div class=\"elementor-element elementor-element-bac9e56 elementor-widget__width-auto elementor-widget elementor-widget-button\" data-id=\"bac9e56\" data-element_type=\"widget\" data-widget_type=\"button.default\">\n\t\t\t\t<div class=\"elementor-widget-container\">\n\t\t\t\t\t\t\t\t\t<div class=\"elementor-button-wrapper\">\n\t\t\t\t\t<a class=\"elementor-button elementor-size-sm\" role=\"button\">\n\t\t\t\t\t\t<span class=\"elementor-button-content-wrapper\">\n\t\t\t\t\t\t\t\t\t<span class=\"elementor-button-text\">Get in touch with us!<\/span>\n\t\t\t\t\t<\/span>\n\t\t\t\t\t<\/a>\n\t\t\t\t<\/div>\n\t\t\t\t\t\t\t\t<\/div>\n\t\t\t\t<\/div>\n\t\t\t\t<\/div>\n\t\t\t\t\t<\/div>\n\t\t\t\t<\/div>\n\t\t\t\t<\/div>\n\t\t","protected":false},"excerpt":{"rendered":"<p>Chemical cleaning of upholstered furniture Private and business users Remove impurities and allergens &#8211; deeply and thoroughly! Your home deserves a perfect aesthetic impression, without impurities that impair the quality of the furniture. Chemical cleaning is the ideal solution for deep dirt removal, restoring your upholstered furniture to its original condition. With dry cleaning, we [&hellip;]<\/p>\n","protected":false},"author":1,"featured_media":0,"parent":0,"menu_order":0,"comment_status":"closed","ping_status":"closed","template":"","meta":{"site-sidebar-layout":"no-sidebar","site-content-layout":"page-builder","ast-site-content-layout":"full-width-container","site-content-style":"unboxed","site-sidebar-style":"unboxed","ast-global-header-display":"","ast-banner-title-visibility":"","ast-main-header-display":"","ast-hfb-above-header-display":"","ast-hfb-below-header-display":"","ast-hfb-mobile-header-display":"","site-post-title":"disabled","ast-breadcrumbs-content":"disabled","ast-featured-img":"disabled","footer-sml-layout":"","theme-transparent-header-meta":"enabled","adv-header-id-meta":"","stick-header-meta":"","header-above-stick-meta":"","header-main-stick-meta":"","header-below-stick-meta":"","astra-migrate-meta-layouts":"default","ast-page-background-enabled":"default","ast-page-background-meta":{"desktop":{"background-color":"","background-image":"","background-repeat":"repeat","background-position":"center center","background-size":"auto","background-attachment":"scroll","background-type":"","background-media":"","overlay-type":"","overlay-color":"","overlay-opacity":"","overlay-gradient":""},"tablet":{"background-color":"","background-image":"","background-repeat":"repeat","background-position":"center center","background-size":"auto","background-attachment":"scroll","background-type":"","background-media":"","overlay-type":"","overlay-color":"","overlay-opacity":"","overlay-gradient":""},"mobile":{"background-color":"","background-image":"","background-repeat":"repeat","background-position":"center center","background-size":"auto","background-attachment":"scroll","background-type":"","background-media":"","overlay-type":"","overlay-color":"","overlay-opacity":"","overlay-gradient":""}},"ast-content-background-meta":{"desktop":{"background-color":"var(--ast-global-color-5)","background-image":"","background-repeat":"repeat","background-position":"center center","background-size":"auto","background-attachment":"scroll","background-type":"","background-media":"","overlay-type":"","overlay-color":"","overlay-opacity":"","overlay-gradient":""},"tablet":{"background-color":"var(--ast-global-color-5)","background-image":"","background-repeat":"repeat","background-position":"center center","background-size":"auto","background-attachment":"scroll","background-type":"","background-media":"","overlay-type":"","overlay-color":"","overlay-opacity":"","overlay-gradient":""},"mobile":{"background-color":"var(--ast-global-color-5)","background-image":"","background-repeat":"repeat","background-position":"center center","background-size":"auto","background-attachment":"scroll","background-type":"","background-media":"","overlay-type":"","overlay-color":"","overlay-opacity":"","overlay-gradient":""}},"footnotes":""},"class_list":["post-2901","page","type-page","status-publish","hentry"],"yoast_head":"<!-- This site is optimized with the Yoast SEO plugin v24.4 - https:\/\/yoast.com\/wordpress\/plugins\/seo\/ -->\n<title>Gwindor Cleaning - Chemical cleaning of upholstered furniture!<\/title>\n<meta name=\"description\" content=\"With dry cleaning, we not only restore freshness, but revive materials and colors, giving your furniture a completely new look.\" \/>\n<meta name=\"robots\" content=\"index, follow, max-snippet:-1, max-image-preview:large, max-video-preview:-1\" \/>\n<link rel=\"canonical\" href=\"https:\/\/gwindor.interijeri-prpic.hr\/en\/chemical-cleaning-of-furniture\/\" \/>\n<meta property=\"og:locale\" content=\"en_US\" \/>\n<meta property=\"og:type\" content=\"article\" \/>\n<meta property=\"og:title\" content=\"Gwindor Cleaning - Chemical cleaning of upholstered furniture!\" \/>\n<meta property=\"og:description\" content=\"With dry cleaning, we not only restore freshness, but revive materials and colors, giving your furniture a completely new look.\" \/>\n<meta property=\"og:url\" content=\"https:\/\/gwindor.interijeri-prpic.hr\/en\/chemical-cleaning-of-furniture\/\" \/>\n<meta property=\"og:site_name\" content=\"Gwindor \u010di\u0161\u0107enje\" \/>\n<meta property=\"article:publisher\" content=\"https:\/\/www.facebook.com\/gwindorusluge\/\" \/>\n<meta property=\"article:modified_time\" content=\"2024-08-06T05:54:59+00:00\" \/>\n<meta property=\"og:image\" content=\"https:\/\/gwindor-ciscenje.com.hr\/wp-content\/uploads\/2024\/06\/gwindor-ciscenje-namjestaja-2-hero-1024x683.jpg\" \/>\n<meta name=\"twitter:card\" content=\"summary_large_image\" \/>\n<meta name=\"twitter:label1\" content=\"Est. reading time\" \/>\n\t<meta name=\"twitter:data1\" content=\"1 minute\" \/>\n<script type=\"application\/ld+json\" class=\"yoast-schema-graph\">{\"@context\":\"https:\/\/schema.org\",\"@graph\":[{\"@type\":\"WebPage\",\"@id\":\"https:\/\/gwindor.interijeri-prpic.hr\/en\/chemical-cleaning-of-furniture\/\",\"url\":\"https:\/\/gwindor.interijeri-prpic.hr\/en\/chemical-cleaning-of-furniture\/\",\"name\":\"Gwindor Cleaning - Chemical cleaning of upholstered furniture!\",\"isPartOf\":{\"@id\":\"https:\/\/gwindor.interijeri-prpic.hr\/en\/#website\"},\"primaryImageOfPage\":{\"@id\":\"https:\/\/gwindor.interijeri-prpic.hr\/en\/chemical-cleaning-of-furniture\/#primaryimage\"},\"image\":{\"@id\":\"https:\/\/gwindor.interijeri-prpic.hr\/en\/chemical-cleaning-of-furniture\/#primaryimage\"},\"thumbnailUrl\":\"https:\/\/gwindor-ciscenje.com.hr\/wp-content\/uploads\/2024\/06\/gwindor-ciscenje-namjestaja-2-hero-1024x683.jpg\",\"datePublished\":\"2024-06-03T13:16:30+00:00\",\"dateModified\":\"2024-08-06T05:54:59+00:00\",\"description\":\"With dry cleaning, we not only restore freshness, but revive materials and colors, giving your furniture a completely new look.\",\"breadcrumb\":{\"@id\":\"https:\/\/gwindor.interijeri-prpic.hr\/en\/chemical-cleaning-of-furniture\/#breadcrumb\"},\"inLanguage\":\"en-US\",\"potentialAction\":[{\"@type\":\"ReadAction\",\"target\":[\"https:\/\/gwindor.interijeri-prpic.hr\/en\/chemical-cleaning-of-furniture\/\"]}]},{\"@type\":\"ImageObject\",\"inLanguage\":\"en-US\",\"@id\":\"https:\/\/gwindor.interijeri-prpic.hr\/en\/chemical-cleaning-of-furniture\/#primaryimage\",\"url\":\"https:\/\/gwindor-ciscenje.com.hr\/wp-content\/uploads\/2024\/06\/gwindor-ciscenje-namjestaja-2-hero-1024x683.jpg\",\"contentUrl\":\"https:\/\/gwindor-ciscenje.com.hr\/wp-content\/uploads\/2024\/06\/gwindor-ciscenje-namjestaja-2-hero-1024x683.jpg\"},{\"@type\":\"BreadcrumbList\",\"@id\":\"https:\/\/gwindor.interijeri-prpic.hr\/en\/chemical-cleaning-of-furniture\/#breadcrumb\",\"itemListElement\":[{\"@type\":\"ListItem\",\"position\":1,\"name\":\"Po\u010detna stranica\",\"item\":\"https:\/\/gwindor.interijeri-prpic.hr\/en\/\"},{\"@type\":\"ListItem\",\"position\":2,\"name\":\"Chemical cleaning of furniture\"}]},{\"@type\":\"WebSite\",\"@id\":\"https:\/\/gwindor.interijeri-prpic.hr\/en\/#website\",\"url\":\"https:\/\/gwindor.interijeri-prpic.hr\/en\/\",\"name\":\"Gwindor \u010di\u0161\u0107enje\",\"description\":\"\",\"publisher\":{\"@id\":\"https:\/\/gwindor.interijeri-prpic.hr\/en\/#organization\"},\"potentialAction\":[{\"@type\":\"SearchAction\",\"target\":{\"@type\":\"EntryPoint\",\"urlTemplate\":\"https:\/\/gwindor.interijeri-prpic.hr\/en\/?s={search_term_string}\"},\"query-input\":{\"@type\":\"PropertyValueSpecification\",\"valueRequired\":true,\"valueName\":\"search_term_string\"}}],\"inLanguage\":\"en-US\"},{\"@type\":\"Organization\",\"@id\":\"https:\/\/gwindor.interijeri-prpic.hr\/en\/#organization\",\"name\":\"Gwindor \u010di\u0161\u0107enje\",\"url\":\"https:\/\/gwindor.interijeri-prpic.hr\/en\/\",\"logo\":{\"@type\":\"ImageObject\",\"inLanguage\":\"en-US\",\"@id\":\"https:\/\/gwindor.interijeri-prpic.hr\/en\/#\/schema\/logo\/image\/\",\"url\":\"https:\/\/gwindor.interijeri-prpic.hr\/wp-content\/uploads\/2024\/05\/gwindor-ciscenje-gold-logo.png\",\"contentUrl\":\"https:\/\/gwindor.interijeri-prpic.hr\/wp-content\/uploads\/2024\/05\/gwindor-ciscenje-gold-logo.png\",\"width\":323,\"height\":290,\"caption\":\"Gwindor \u010di\u0161\u0107enje\"},\"image\":{\"@id\":\"https:\/\/gwindor.interijeri-prpic.hr\/en\/#\/schema\/logo\/image\/\"},\"sameAs\":[\"https:\/\/www.facebook.com\/gwindorusluge\/\",\"https:\/\/www.instagram.com\/gwindor.usluge\/\"]}]}<\/script>\n<!-- \/ Yoast SEO plugin. -->","yoast_head_json":{"title":"Gwindor Cleaning - Chemical cleaning of upholstered furniture!","description":"With dry cleaning, we not only restore freshness, but revive materials and colors, giving your furniture a completely new look.","robots":{"index":"index","follow":"follow","max-snippet":"max-snippet:-1","max-image-preview":"max-image-preview:large","max-video-preview":"max-video-preview:-1"},"canonical":"https:\/\/gwindor.interijeri-prpic.hr\/en\/chemical-cleaning-of-furniture\/","og_locale":"en_US","og_type":"article","og_title":"Gwindor Cleaning - Chemical cleaning of upholstered furniture!","og_description":"With dry cleaning, we not only restore freshness, but revive materials and colors, giving your furniture a completely new look.","og_url":"https:\/\/gwindor.interijeri-prpic.hr\/en\/chemical-cleaning-of-furniture\/","og_site_name":"Gwindor \u010di\u0161\u0107enje","article_publisher":"https:\/\/www.facebook.com\/gwindorusluge\/","article_modified_time":"2024-08-06T05:54:59+00:00","og_image":[{"url":"https:\/\/gwindor-ciscenje.com.hr\/wp-content\/uploads\/2024\/06\/gwindor-ciscenje-namjestaja-2-hero-1024x683.jpg","type":"","width":"","height":""}],"twitter_card":"summary_large_image","twitter_misc":{"Est. reading time":"1 minute"},"schema":{"@context":"https:\/\/schema.org","@graph":[{"@type":"WebPage","@id":"https:\/\/gwindor.interijeri-prpic.hr\/en\/chemical-cleaning-of-furniture\/","url":"https:\/\/gwindor.interijeri-prpic.hr\/en\/chemical-cleaning-of-furniture\/","name":"Gwindor Cleaning - Chemical cleaning of upholstered furniture!","isPartOf":{"@id":"https:\/\/gwindor.interijeri-prpic.hr\/en\/#website"},"primaryImageOfPage":{"@id":"https:\/\/gwindor.interijeri-prpic.hr\/en\/chemical-cleaning-of-furniture\/#primaryimage"},"image":{"@id":"https:\/\/gwindor.interijeri-prpic.hr\/en\/chemical-cleaning-of-furniture\/#primaryimage"},"thumbnailUrl":"https:\/\/gwindor-ciscenje.com.hr\/wp-content\/uploads\/2024\/06\/gwindor-ciscenje-namjestaja-2-hero-1024x683.jpg","datePublished":"2024-06-03T13:16:30+00:00","dateModified":"2024-08-06T05:54:59+00:00","description":"With dry cleaning, we not only restore freshness, but revive materials and colors, giving your furniture a completely new look.","breadcrumb":{"@id":"https:\/\/gwindor.interijeri-prpic.hr\/en\/chemical-cleaning-of-furniture\/#breadcrumb"},"inLanguage":"en-US","potentialAction":[{"@type":"ReadAction","target":["https:\/\/gwindor.interijeri-prpic.hr\/en\/chemical-cleaning-of-furniture\/"]}]},{"@type":"ImageObject","inLanguage":"en-US","@id":"https:\/\/gwindor.interijeri-prpic.hr\/en\/chemical-cleaning-of-furniture\/#primaryimage","url":"https:\/\/gwindor-ciscenje.com.hr\/wp-content\/uploads\/2024\/06\/gwindor-ciscenje-namjestaja-2-hero-1024x683.jpg","contentUrl":"https:\/\/gwindor-ciscenje.com.hr\/wp-content\/uploads\/2024\/06\/gwindor-ciscenje-namjestaja-2-hero-1024x683.jpg"},{"@type":"BreadcrumbList","@id":"https:\/\/gwindor.interijeri-prpic.hr\/en\/chemical-cleaning-of-furniture\/#breadcrumb","itemListElement":[{"@type":"ListItem","position":1,"name":"Po\u010detna stranica","item":"https:\/\/gwindor.interijeri-prpic.hr\/en\/"},{"@type":"ListItem","position":2,"name":"Chemical cleaning of furniture"}]},{"@type":"WebSite","@id":"https:\/\/gwindor.interijeri-prpic.hr\/en\/#website","url":"https:\/\/gwindor.interijeri-prpic.hr\/en\/","name":"Gwindor \u010di\u0161\u0107enje","description":"","publisher":{"@id":"https:\/\/gwindor.interijeri-prpic.hr\/en\/#organization"},"potentialAction":[{"@type":"SearchAction","target":{"@type":"EntryPoint","urlTemplate":"https:\/\/gwindor.interijeri-prpic.hr\/en\/?s={search_term_string}"},"query-input":{"@type":"PropertyValueSpecification","valueRequired":true,"valueName":"search_term_string"}}],"inLanguage":"en-US"},{"@type":"Organization","@id":"https:\/\/gwindor.interijeri-prpic.hr\/en\/#organization","name":"Gwindor \u010di\u0161\u0107enje","url":"https:\/\/gwindor.interijeri-prpic.hr\/en\/","logo":{"@type":"ImageObject","inLanguage":"en-US","@id":"https:\/\/gwindor.interijeri-prpic.hr\/en\/#\/schema\/logo\/image\/","url":"https:\/\/gwindor.interijeri-prpic.hr\/wp-content\/uploads\/2024\/05\/gwindor-ciscenje-gold-logo.png","contentUrl":"https:\/\/gwindor.interijeri-prpic.hr\/wp-content\/uploads\/2024\/05\/gwindor-ciscenje-gold-logo.png","width":323,"height":290,"caption":"Gwindor \u010di\u0161\u0107enje"},"image":{"@id":"https:\/\/gwindor.interijeri-prpic.hr\/en\/#\/schema\/logo\/image\/"},"sameAs":["https:\/\/www.facebook.com\/gwindorusluge\/","https:\/\/www.instagram.com\/gwindor.usluge\/"]}]}},"_links":{"self":[{"href":"https:\/\/gwindor.interijeri-prpic.hr\/en\/wp-json\/wp\/v2\/pages\/2901","targetHints":{"allow":["GET"]}}],"collection":[{"href":"https:\/\/gwindor.interijeri-prpic.hr\/en\/wp-json\/wp\/v2\/pages"}],"about":[{"href":"https:\/\/gwindor.interijeri-prpic.hr\/en\/wp-json\/wp\/v2\/types\/page"}],"author":[{"embeddable":true,"href":"https:\/\/gwindor.interijeri-prpic.hr\/en\/wp-json\/wp\/v2\/users\/1"}],"replies":[{"embeddable":true,"href":"https:\/\/gwindor.interijeri-prpic.hr\/en\/wp-json\/wp\/v2\/comments?post=2901"}],"version-history":[{"count":0,"href":"https:\/\/gwindor.interijeri-prpic.hr\/en\/wp-json\/wp\/v2\/pages\/2901\/revisions"}],"wp:attachment":[{"href":"https:\/\/gwindor.interijeri-prpic.hr\/en\/wp-json\/wp\/v2\/media?parent=2901"}],"curies":[{"name":"wp","href":"https:\/\/api.w.org\/{rel}","templated":true}]}}